{"id":1086,"date":"2020-01-21T17:16:44","date_gmt":"2020-01-21T17:16:44","guid":{"rendered":"https:\/\/www.transportmarfauniversal.com\/?page_id=1086"},"modified":"2021-11-02T18:40:06","modified_gmt":"2021-11-02T18:40:06","slug":"politica-de-confidentialitate","status":"publish","type":"page","link":"https:\/\/www.transportmarfauniversal.com\/it\/politica-de-confidentialitate\/","title":{"rendered":"Politica De Confidentialitate"},"content":{"rendered":"<div class=\"container section-title-container\" ><h1 class=\"section-title section-title-normal\"><b><\/b><span class=\"section-title-main\" style=\"font-size:80%;\">Politica de confindentialitate Universal Spedition<\/span><b><\/b><\/h1><\/div>\n<p><span style=\"font-weight: 400;\">Grupul de firme Universal , denumite\u00a0 in continuare Casa\u00a0 de Expeditie\u00a0 cunosc\u00a0 importanta prelucr\u0103rii datelor cu caracter personal \u0219i ne angajam s\u0103 protejam confiden\u021bialitatea \u0219i securitatea acestora prin respectarea Regulamentului 2016\/679 (\u00een continuare GDPR).<\/span><\/p>\n<p><span style=\"font-weight: 400;\">Datele\u00a0 cu caracter\u00a0 personal\u00a0 furnizate de catre dumneavoastra\u00a0 sunt prelucrate in baza dispozitiilor Regulamentului Uniunii Europene nr. 679\/2016\u00a0 al\u00a0 Parlamentului\u00a0 European si al Consiliului din 27 aprilie 2016 (GDPR), in legatura cu protectia persoanelor fizice in ceea ce priveste prelucrarea datelor cu caracter personal si libera circulatie a acestor date.<\/span><\/p>\n<p><span style=\"font-weight: 400;\">Scopul\u00a0 pentru care datele sunt\u00a0 prelucrate este acela de a se putea derula intreaga relatie comerciala\u00a0 intre dumneavoastra\u00a0 si\u00a0 grupul\u00a0 de firme\u00a0 Universal\u00a0 (\u00a0 Universal Spedition S.R.L \u00a0 si \/sau\u00a0 Universal Forwarder SRL\u00a0 )\u00a0 denumite in continuare \u201c\u00a0 Casa de expeditie\u00a0 \u201c\u00a0 si de a respecta reglementarile legislative in vigoare\u00a0 privitoare la cunosterea clientelei (legea129 \/2019). Datele cu caracter\u00a0 personal folosite sunt: nume,\u00a0 prenume, nume societate \u00a0 , nr. telefon, adresa e-mail , copie CUI firma, diverse documente si avize specifice tipului de marfa transportat si necesare pentru organizarea in bune conditii\u00a0 a transporturilor, in scopul \u00a0 cunoasterii a clientelei\u00a0 ( conform legii 129 \/2019)\u00a0 . <\/span><span style=\"font-weight: 400;\">Datele vor fi accesibile angaja\u021bilor autoriza\u021bi, colaboratorilor\u00a0 Casei de Expeditie ,in scopul\u00a0 desfasurarii in bune conditii a relatiei comerciale, precum si dupa caz, la cererea organelor\u00a0 de control al Statului Roman. <\/span><span style=\"font-weight: 400;\">\u00a0<\/span><\/p>\n<p><span style=\"font-weight: 400;\">Conform dispozi\u021biilor legale \u00een vigoare suntem obliga\u021bi sa p\u0103stram informa\u021biile relevante o perioad\u0103 minim\u0103 de timp pentru o eventual\u0103 investiga\u021bie sau litigiu pentru organele de aplicare a legii. Dup\u0103 ce nu mai este necesar sa p\u0103str\u0103m informa\u021biile tale personale, vom dispune \u0219tergerea \u00eentr-un mod sigur. \u00ce\u021bi respect\u0103m dreptul legal de a solicita \u0219tergerea informa\u021biilor personale din sistemul nostru.\u00a0<\/span><\/p>\n<p><span style=\"font-weight: 400;\">\u00ce\u021bi protej\u0103m informa\u021biile personale folosind m\u0103suri de securitate tehnice \u0219i administrative pentru a reduce riscurile de pierdere, utilizare incorect\u0103, acces neautorizat, dezv\u0103luire \u0219i modificare.\u00a0<\/span><\/p>\n<p><span style=\"font-weight: 400;\">Datele dvs. cu caracter personal vor fi prelucrate <\/span><span style=\"font-weight: 400;\">pentru a va putea\u00a0 contacta \u0219i pentru a p\u0103stra leg\u0103tura cu dvs \u00a0 <\/span><span style=\"font-weight: 400;\">p\u00e2n\u0103 la finalizarea scopului pentru care au fost colectate (finalizarea negocierilor , facturare , \u0219i \/ sau garantarea urm\u0103ririi sau ap\u0103rarea crean\u021belor) si pentru <\/span><span style=\"font-weight: 400;\">a p\u0103stra leg\u0103tura cu dvs\u00a0 si ulterior .<\/span><span style=\"font-weight: 400;\">Consim\u021b\u0103m\u00e2ntul referitor la activitatile de marketing\u00a0 ulterioare finalizarii contractului de transport finalizat \u00a0 poate fi si acesta retras\u00a0 (acest lucru se poate face oric\u00e2nd, f\u0103c\u00e2nd click pe linkul de renun\u021bare postat la sf\u00e2r\u0219itul fiec\u0103rui newsletter\u00a0 primit de dumenavoastra si trimitandu-ne un e-mail la adresa <\/span><a href=\"mailto:sofia.vinu@transportmarfaunivrersal.com\"><span style=\"font-weight: 400;\">sofia.vinu@transportmarfaunivrersal.com<\/span><\/a><span style=\"font-weight: 400;\"> )<\/span><\/p>\n<p><span style=\"font-weight: 400;\">Prin completarea\u00a0 formularului de contact \u00a0 al siteului nostru \u201c Cerere de oferta transport\u00a0 \u201c si acceptarea conditiilor\u00a0 de lucru ale Casei De Expeditii,\u00a0 declarati\u00a0 ca va exprimati \u00a0 in mod expres si neechivoc consimtamantul ca datele\u00a0 dvs cu caracter personal sa fie prelucrate in\u00a0 scopul\u00a0 cunoasterii clientelei conform legii 129 \/2019 si in scopul\u00a0 derularii\u00a0 comunicarilor si relatiei comerciale\u00a0 dintre dumneavoastra\u00a0 si Casa de\u00a0 Expeditii , prin reprezentanti, prin telefon, prin SMS\u00a0 \/Whatsapp,\u00a0 prin e-mail sau prin posta si aceste date\u00a0 pot fi transmise de\u00a0 catre\u00a0 Casa\u00a0 De Expeditii\u00a0 tertilor\/ colaboratorilor\/partenerilor contractuali.in scopul desfasurarii activitatii..<\/span><\/p>\n<p><span style=\"font-weight: 400;\">\u00cencerc\u0103m s\u0103 minimizam cantitatea de informa\u021bii personale pe care le prelucram la ceea ce este direct relevant \u0219i necesar pentru a \u00eendeplini scopul specificat. Nu vindem, \u00eenchiriem sau dezv\u0103luim \u00een alt fel informa\u021biile dvs. personale unor ter\u021be p\u0103r\u021bi \u00een scopuri de marketing \u0219i publicitate f\u0103r\u0103 acordul t\u0103u. <\/span><span style=\"font-weight: 400;\"><br \/><\/span><span style=\"font-weight: 400;\">Dac\u0103 suntem supu\u0219i unei fuziuni sau achizi\u021bii cu \/ de o alt\u0103 companie, este posibil s\u0103 \u00eemp\u0103rt\u0103\u0219im informa\u021bii \u00een conformitate cu standardele noastre de confiden\u021bialitate. \u00cen cazul \u00een care apare un astfel de eveniment, vom cere ca noua entitate sa urmeze acest acord de confiden\u021bialitate cu privire la informa\u021biile tale personale. Dac\u0103 inten\u021bion\u0103m s\u0103 folosim informa\u021biile tale personale \u00een alte scopuri care nu sunt acoperite de aceast\u0103 politic\u0103 de confiden\u021bialitate, vei primi o notificare prealabila cu privire la prelucrarea informa\u021biilor personale \u00een noile scopuri.\u00a0<\/span><\/p>\n<p><span style=\"font-weight: 400;\">Cu\u00a0 privire la dreptul de opozitie si stergere a datelor, mentionam ca acestea pot fi exercitate in orice moment, din cauza unor motive intemeiate si legitime legate de situatia particulara a clientului, exceptand cazul in care exista dispozitii legale care prevad contrariul.<\/span><\/p>\n<p><span style=\"font-weight: 400;\">In\u00a0 cazul in care doriti\u00a0 sa exercitati aceste drepturi, respectiv dreptul de acces la date, de interventie asupra datelor, de transfer al datelor, de stergere, de opozitie,\u00a0 puteti \u00a0 inainta o cerere scrisa datata si semnata catre: sofia.vinu@transportmarfauniversal.com <\/span><b>si<\/b><span style=\"font-weight: 400;\"> prin posta, cu confirmare de primire la urmatoarea adresa de corespondenta: Universal Spedition S.R.L., Str.Ion Ionescu de la Brad\u00a0 nr. 29, Timisoara, Timis, RO. Solicitarea se va solu\u021biona \u00een termen de 15 zile de la recep\u021bionare.\u00a0<\/span><\/p>\n<p><span style=\"font-weight: 400;\">Prin completarea\u00a0 formularului de contact \u00a0 al siteului nostru \u201c Cerere de oferta transport\u00a0 \u201c si acceptarea conditiilor\u00a0 de lucru ale Casei De Expeditii\u00a0 , declarati ca ca ati\u00a0 fost informat(a) cu privire la drepturile prevazute in Regulamentul Uniunii Europene nr. 679\/2016 al Parlamentului European si al consiliului din 27 aprilie 2016 (GDPR) referitor la protectia\u00a0 persoanelor fizice in ceea ce\u00a0 priveste prelucrarea datelor cu caracter\u00a0 personal si libera circulatie a acestora:<\/span><\/p>\n<p><span style=\"font-weight: 400;\">Ati\u00a0 luat la cunostinta faptul\u00a0 ca beneficiati de drepturile prevazute de legislatia in vigoare privind protectia si prelucrarea datelor cu caracter\u00a0 personal.\u00a0 Pentru mai\u00a0 multe\u00a0 informatii cu privire la aceste drepturi va\u00a0 rugam\u00a0 accesati link-ul: <\/span><a href=\"http:\/\/www.dataprotection.ro\/?page=Regulamentul_nr_679_2016\"><span style=\"font-weight: 400;\">http:\/\/www.dataprotection.ro\/?page=Regulamentul_nr_679_2016<\/span><\/a><\/p>\n<p><span style=\"font-weight: 400;\">\u00cen cazul \u00een care are loc o \u00eenc\u0103lcare a securit\u0103\u021bii datelor cu caracter personal, Societatea va notifica acest lucru A.N.S.P.D.C.P., f\u0103r\u0103 \u00eent\u00e2rzieri nejustificate \u0219i, dac\u0103 este posibil, \u00een cel mult 72 de ore de la data la care a luat cuno\u0219tin\u021b\u0103 de aceasta, cu excep\u021bia cazului \u00een care este este pu\u021bin probabil s\u0103 genereze un risc pentru drepturile \u0219i libert\u0103\u021bile persoanelor fizice<\/span><\/p>\n","protected":false},"excerpt":{"rendered":"<p>Grupul de firme Universal , denumite\u00a0 in continuare Casa\u00a0 de Expeditie\u00a0 cunosc\u00a0 importanta prelucr\u0103rii datelor cu caracter personal \u0219i ne angajam s\u0103 protejam confiden\u021bialitatea \u0219i securitatea acestora prin respectarea Regulamentului 2016\/679 (\u00een continuare GDPR). Datele\u00a0 cu caracter\u00a0 personal\u00a0 furnizate de catre dumneavoastra\u00a0 sunt prelucrate in baza dispozitiilor Regulamentului Uniunii Europene nr. 679\/2016\u00a0 al\u00a0 Parlamentului\u00a0 European [&#8230;]\n","protected":false},"author":1,"featured_media":0,"parent":0,"menu_order":0,"comment_status":"closed","ping_status":"closed","template":"","meta":{"footnotes":""},"class_list":["post-1086","page","type-page","status-publish","hentry"],"aioseo_notices":[],"_links":{"self":[{"href":"https:\/\/www.transportmarfauniversal.com\/it\/wp-json\/wp\/v2\/pages\/1086","targetHints":{"allow":["GET"]}}],"collection":[{"href":"https:\/\/www.transportmarfauniversal.com\/it\/wp-json\/wp\/v2\/pages"}],"about":[{"href":"https:\/\/www.transportmarfauniversal.com\/it\/wp-json\/wp\/v2\/types\/page"}],"author":[{"embeddable":true,"href":"https:\/\/www.transportmarfauniversal.com\/it\/wp-json\/wp\/v2\/users\/1"}],"replies":[{"embeddable":true,"href":"https:\/\/www.transportmarfauniversal.com\/it\/wp-json\/wp\/v2\/comments?post=1086"}],"version-history":[{"count":2,"href":"https:\/\/www.transportmarfauniversal.com\/it\/wp-json\/wp\/v2\/pages\/1086\/revisions"}],"predecessor-version":[{"id":1531,"href":"https:\/\/www.transportmarfauniversal.com\/it\/wp-json\/wp\/v2\/pages\/1086\/revisions\/1531"}],"wp:attachment":[{"href":"https:\/\/www.transportmarfauniversal.com\/it\/wp-json\/wp\/v2\/media?parent=1086"}],"curies":[{"name":"wp","href":"https:\/\/api.w.org\/{rel}","templated":true}]}}