{"id":32,"date":"2016-03-03T10:41:25","date_gmt":"2016-03-03T10:41:25","guid":{"rendered":"http:\/\/www.transportmarfauniversal.com\/new\/en\/?page_id=32"},"modified":"2016-03-30T09:52:57","modified_gmt":"2016-03-30T09:52:57","slug":"transport-aerian","status":"publish","type":"page","link":"https:\/\/www.transportmarfauniversal.com\/fr\/servicii\/transport-aerian\/","title":{"rendered":"Transport a\u00e9rien"},"content":{"rendered":"<div class=\"row\"  id=\"row-1366010779\">\n\n\t<div id=\"col-850747309\" class=\"col medium-3\/4 large-9\"  >\n\t\t\t\t<div class=\"col-inner\"  >\n\t\t\t\n\t\t\t\n<p><strong>Transport a\u00e9rien<\/strong><\/p>\n<p>Universal Spedition peut organiser pour vous des vols programm\u00e9s aussi en r\u00e9gime \u201dCharter\u201d pour une grande vari\u00e9t\u00e9 de lignes a\u00e9riennes.<\/p>\n<p>Nos capacit\u00e9s et la collaboration avec des partenaires partout dans le monde repr\u00e9sente l\u2019assurance que votre charge va arriver \u00e0 la destination intacte et \u00e0 temps.<\/p>\n<p>Ainsi, ayant liaisons avec les plus grands n\u0153uds a\u00e9riens nous offrons la possibilit\u00e9 d\u2019exp\u00e9dier rapidement la marchandise et son arriv\u00e9e \u00e0 destination dans un temps de transit efficient.<\/p>\n<ul>\n<li>assurance cargo<\/li>\n<li>livraisons domicile\u2013\u00e0\u2013domicile ou a\u00e9roport \u2013 \u00e0 \u2013 a\u00e9roport, dans tout le monde, par l\u2019interm\u00e9diaire de notre r\u00e9seau de correspondants dans les a\u00e9roports de destination<\/li>\n<li>transport routier de et vers l\u2019a\u00e9roport<\/li>\n<li>transport de marchandises dangereuses ou volumineuses<\/li>\n<li>transport multimodal de marchandise<\/li>\n<li>transport a\u00e9rien de marchandises surdimensionn\u00e9es<\/li>\n<\/ul>\n\t\t<\/div>\n\t\t\t\t\t<\/div>\n\n\t\n\n\t<div id=\"col-1805298162\" class=\"col medium-1\/4 large-3\"  >\n\t\t\t\t<div class=\"col-inner\"  >\n\t\t\t\n\t\t\t\n\n\t<div id=\"col-1848512060\" class=\"col medium-1\/4 large-3\"  >\n\t\t\t\t<div class=\"col-inner\"  >\n\t\t\t\n\t\t\t\t\t<\/div>\n\t\t\t\t\t<\/div>\n\n\t\n\n\t\t<div class=\"icon-box featured-box icon-box-center text-center\"  >\n\t\t\t\t\t<div class=\"icon-box-img\" style=\"\">\n\t\t\t\t<div class=\"icon\">\n\t\t\t\t\t<div class=\"icon-inner\" >\n\t\t\t\t\t\t<img decoding=\"async\" src=\"https:\/\/www.transportmarfauniversal.com\/wp-content\/uploads\/2016\/03\/airplane.png\" alt=\"Transport a\u00e9rien\"\/>\t\t\t\t\t<\/div>\n\t\t\t\t<\/div>\n\t\t\t<\/div>\n\t\t\t\t<div class=\"icon-box-text last-reset\">\n\t\t\t<h5 class=\"uppercase\">Transport a\u00e9rien<\/h5>\t\t\t\t\t\t\nNous offrons des services d\u2019importation groupage d\u2019Asie, par nos partenaires.<br \/>\n\t\t<\/div>\n\t<\/div>\n\t\n\t\n\t\t<\/div>\n\t\t\t\t\t<\/div>\n\n\t\n<\/div>","protected":false},"excerpt":{"rendered":"","protected":false},"author":1,"featured_media":0,"parent":16,"menu_order":0,"comment_status":"closed","ping_status":"closed","template":"","meta":{"footnotes":""},"class_list":["post-32","page","type-page","status-publish","hentry"],"aioseo_notices":[],"_links":{"self":[{"href":"https:\/\/www.transportmarfauniversal.com\/fr\/wp-json\/wp\/v2\/pages\/32","targetHints":{"allow":["GET"]}}],"collection":[{"href":"https:\/\/www.transportmarfauniversal.com\/fr\/wp-json\/wp\/v2\/pages"}],"about":[{"href":"https:\/\/www.transportmarfauniversal.com\/fr\/wp-json\/wp\/v2\/types\/page"}],"author":[{"embeddable":true,"href":"https:\/\/www.transportmarfauniversal.com\/fr\/wp-json\/wp\/v2\/users\/1"}],"replies":[{"embeddable":true,"href":"https:\/\/www.transportmarfauniversal.com\/fr\/wp-json\/wp\/v2\/comments?post=32"}],"version-history":[{"count":7,"href":"https:\/\/www.transportmarfauniversal.com\/fr\/wp-json\/wp\/v2\/pages\/32\/revisions"}],"predecessor-version":[{"id":233,"href":"https:\/\/www.transportmarfauniversal.com\/fr\/wp-json\/wp\/v2\/pages\/32\/revisions\/233"}],"up":[{"embeddable":true,"href":"https:\/\/www.transportmarfauniversal.com\/fr\/wp-json\/wp\/v2\/pages\/16"}],"wp:attachment":[{"href":"https:\/\/www.transportmarfauniversal.com\/fr\/wp-json\/wp\/v2\/media?parent=32"}],"curies":[{"name":"wp","href":"https:\/\/api.w.org\/{rel}","templated":true}]}}