{"id":1534,"date":"2021-11-02T18:44:50","date_gmt":"2021-11-02T18:44:50","guid":{"rendered":"https:\/\/www.transportmarfauniversal.com\/?page_id=1534"},"modified":"2021-11-02T18:46:19","modified_gmt":"2021-11-02T18:46:19","slug":"conditii-generale-de-transport","status":"publish","type":"page","link":"https:\/\/www.transportmarfauniversal.com\/fr\/conditii-generale-de-transport\/","title":{"rendered":"Conditii generale de transport"},"content":{"rendered":"<p class=\"qtranxs-available-languages-message qtranxs-available-languages-message-fr\">D\u00e9sol\u00e9, cet article est seulement disponible en <a href=\"https:\/\/www.transportmarfauniversal.com\/ro\/wp-json\/wp\/v2\/pages\/1534\" class=\"qtranxs-available-language-link qtranxs-available-language-link-ro\" title=\"Rom\u00e2n\u0103\">Rom\u00e2n\u0103<\/a>.<\/p>","protected":false},"excerpt":{"rendered":"<p>D\u00e9sol\u00e9, cet article est seulement disponible en Rom\u00e2n\u0103.<\/p>\n","protected":false},"author":1,"featured_media":0,"parent":0,"menu_order":0,"comment_status":"closed","ping_status":"closed","template":"","meta":{"footnotes":""},"class_list":["post-1534","page","type-page","status-publish","hentry"],"aioseo_notices":[],"_links":{"self":[{"href":"https:\/\/www.transportmarfauniversal.com\/fr\/wp-json\/wp\/v2\/pages\/1534","targetHints":{"allow":["GET"]}}],"collection":[{"href":"https:\/\/www.transportmarfauniversal.com\/fr\/wp-json\/wp\/v2\/pages"}],"about":[{"href":"https:\/\/www.transportmarfauniversal.com\/fr\/wp-json\/wp\/v2\/types\/page"}],"author":[{"embeddable":true,"href":"https:\/\/www.transportmarfauniversal.com\/fr\/wp-json\/wp\/v2\/users\/1"}],"replies":[{"embeddable":true,"href":"https:\/\/www.transportmarfauniversal.com\/fr\/wp-json\/wp\/v2\/comments?post=1534"}],"version-history":[{"count":2,"href":"https:\/\/www.transportmarfauniversal.com\/fr\/wp-json\/wp\/v2\/pages\/1534\/revisions"}],"predecessor-version":[{"id":1537,"href":"https:\/\/www.transportmarfauniversal.com\/fr\/wp-json\/wp\/v2\/pages\/1534\/revisions\/1537"}],"wp:attachment":[{"href":"https:\/\/www.transportmarfauniversal.com\/fr\/wp-json\/wp\/v2\/media?parent=1534"}],"curies":[{"name":"wp","href":"https:\/\/api.w.org\/{rel}","templated":true}]}}