{"id":14,"date":"2016-03-03T10:37:46","date_gmt":"2016-03-03T10:37:46","guid":{"rendered":"http:\/\/www.transportmarfauniversal.com\/new\/en\/?page_id=14"},"modified":"2021-11-02T18:02:09","modified_gmt":"2021-11-02T18:02:09","slug":"despre-universal-speditions","status":"publish","type":"page","link":"https:\/\/www.transportmarfauniversal.com\/fr\/despre-universal-speditions\/","title":{"rendered":"Informations sur Universal Speditions"},"content":{"rendered":"<div class=\"row\"  id=\"row-1718515210\">\n\n\t<div id=\"col-1897360482\" class=\"col medium-9 large-9\"  >\n\t\t\t\t<div class=\"col-inner\"  >\n\t\t\t\n\t\t\t\n<div id=\"content_wrapper\">\n<div class=\"inner\">\n<div class=\"inner_wrapper\">\n<div class=\"standard_wrapper\">\n<div class=\"sidebar_content \">\n<p>Nous sommes une soci\u00e9t\u00e9 avec le si\u00e8ge \u00e0 Timisoara, avec des importantes relations de travail avec des soci\u00e9t\u00e9s de Roumanie, de l\u2019Europe et aussi dans l\u2019espace extracommunautaire. Notre \u00e9quipe vous met \u00e0 disposition des solutions compl\u00e8tes, par des services de transport routier de marchandises, transport maritime et transport a\u00e9rien.<\/p>\n<p>La longue pr\u00e9sence de notre personnel sur le march\u00e9 de transport nous a permit d\u2019acqu\u00e9rir une exp\u00e9rience solide pour r\u00e9pondre aux plus exigeantes et vari\u00e9s demandes.<\/p>\n<p>Notre point fort \u00e9tant le transport routier de marchandises, nous avons la possibilit\u00e9 de vous offrir toute la gamme de services concernant ce type de transport. Nos clients b\u00e9n\u00e9ficient de services de transport aux standards les plus hauts, aux tarifs avantageux pour marchandises avec les caract\u00e9ristiques les plus vari\u00e9s.<\/p>\n<p>Nous pouvons vous offrir tout type de transport router interne et international, d\u00e8s transports express appropri\u00e9s par microbus, transport marchandises g\u00e9n\u00e9rales, transport marchandises frigorifiques, transport outillages jusqu\u2019au transport sp\u00e9cial, surdimensionn\u00e9.<\/p>\n<p>Par la maison d\u2019exp\u00e9dition nous offrons services de transport en Roumanie, services de transport en Europe, transport routier de marchandise en Asie, transport de marchandise dans les pays CSI.<\/p>\n<h2>Moyens de transport utilis\u00e9s<\/h2>\n<ul>\n<li>semi-remorque avec fosses (COIL LINER)<\/li>\n<li>camions 20 tonnes \/ b\u00e2ches<\/li>\n<li>camions 22 tonnes \/ carross\u00e9s (fourgon)<\/li>\n<li>camions frigorifiques ( fourgon frigorifique)<\/li>\n<li>fourgons \u00e0 thermoking .20 tonnes<\/li>\n<li>camionnettes 7,5 tonnes , 3 tonnes utile<\/li>\n<li>camionnettes atypiques 6 tonnes utile<\/li>\n<li>camionnettes atypiques 12 tonnes utile<\/li>\n<li>microbus carross\u00e9s ( sprinter ), 1,5 tonnes utiles<\/li>\n<li>microbus \u00e0 b\u00e2che, 1,5 tonnes utiles<\/li>\n<li>microbus \u00e9quip\u00e9s thermoking<\/li>\n<li>bennes c\u00e9r\u00e9ales<\/li>\n<li>remorques appropri\u00e9s transport surdimensionn\u00e9<\/li>\n<li>plateformes<\/li>\n<li>transporteurs v\u00e9hicules<\/li>\n<\/ul>\n<\/div>\n<\/div>\n<\/div>\n<\/div>\n<\/div>\n\t\t<\/div>\n\t\t\t\t\t<\/div>\n\n\t\n\n\t<div id=\"col-1907894093\" class=\"col medium-3 large-3\"  >\n\t\t\t\t<div class=\"col-inner\"  >\n\t\t\t\n\t\t\t\n<noscript class=\"ninja-forms-noscript-message\">\n\tRemarque\u00a0: JavaScript est requis pour ce contenu.<\/noscript>\n<div id=\"nf-form-5_3-cont\" class=\"nf-form-cont\" aria-live=\"polite\" aria-labelledby=\"nf-form-title-5_3\" aria-describedby=\"nf-form-errors-5_3\" role=\"form\">\n\n    <div class=\"nf-loading-spinner\"><\/div>\n\n<\/div>\n        <!-- That data is being printed as a workaround to page builders reordering the order of the scripts loaded-->\n        <script>var formDisplay=1;var nfForms=nfForms||[];var form=[];form.id='5_3';form.settings={\"objectType\":\"Form Setting\",\"editActive\":false,\"date_updated\":\"2016-06-22 08:07:41\",\"clear_complete\":\"1\",\"hide_complete\":\"1\",\"show_title\":\"0\",\"status\":\"\",\"append_page\":\"\",\"ajax\":\"0\",\"logged_in\":\"0\",\"not_logged_in_msg\":\"\",\"sub_limit_number\":\"\",\"sub_limit_msg\":\"\",\"last_sub\":\"520\",\"title\":\"[EN] I want to be contacted\",\"allow_public_link\":0,\"embed_form\":\"\",\"default_label_pos\":\"above\",\"wrapper_class\":\"\",\"element_class\":\"\",\"key\":\"\",\"add_submit\":1,\"currency\":\"\",\"repeatable_fieldsets\":\"\",\"unique_field_error\":\"A form with this value has already been submitted.\",\"calculations\":[],\"formContentData\":[\"textbox_6\",\"textbox_7\",\"email_8\",\"textarea_32\",\"g_recaptcha_26\",\"submit_9\"],\"ninjaForms\":\"Ninja Forms\",\"changeEmailErrorMsg\":\"Veuillez saisir une adresse de messagerie valide. Ex\\u00a0: jean.dupont@gmail.com\",\"changeDateErrorMsg\":\"Veuillez saisir une date valide\\u00a0!\",\"confirmFieldErrorMsg\":\"Ces champs doivent correspondre\\u00a0!\",\"fieldNumberNumMinError\":\"Erreur de nombre min.\",\"fieldNumberNumMaxError\":\"Erreur de nombre max.\",\"fieldNumberIncrementBy\":\"Veuillez incr\\u00e9menter par \",\"fieldTextareaRTEInsertLink\":\"Ins\\u00e9rer un lien\",\"fieldTextareaRTEInsertMedia\":\"Ins\\u00e9rer un m\\u00e9dia\",\"fieldTextareaRTESelectAFile\":\"S\\u00e9lectionnez un fichier\",\"formErrorsCorrectErrors\":\"Veuillez corriger les erreurs avant d\\u2019envoyer ce formulaire.\",\"formHoneypot\":\"Si vous \\u00eates un \\u00eatre humain et que vous voyez ce champ, veuillez le laisser vide.\",\"validateRequiredField\":\"Ce champ est obligatoire.\",\"honeypotHoneypotError\":\"Erreur Honeypot\",\"fileUploadOldCodeFileUploadInProgress\":\"T\\u00e9l\\u00e9versement du fichier en cours.\",\"fileUploadOldCodeFileUpload\":\"T\\u00c9L\\u00c9VERSEMENT DE FICHIER\",\"currencySymbol\":\"&euro;\",\"fieldsMarkedRequired\":\"Les champs marqu\\u00e9s d\\u2019un &lt;span class=&quot;ninja-forms-req-symbol&quot;&gt;*&lt;\\\/span&gt; sont obligatoires\",\"thousands_sep\":\"\\u00a0\",\"decimal_point\":\",\",\"siteLocale\":\"fr_FR\",\"dateFormat\":\"Y\\\/m\\\/d\",\"startOfWeek\":\"1\",\"of\":\"sur\",\"previousMonth\":\"Mois pr\\u00e9c\\u00e9dent\",\"nextMonth\":\"Mois suivant\",\"months\":[\"Janvier\",\"F\\u00e9vrier\",\"Mars\",\"Avril\",\"Mai\",\"Juin\",\"Juillet\",\"Ao\\u00fbt\",\"Septembre\",\"Octobre\",\"Novembre\",\"D\\u00e9cembre\"],\"monthsShort\":[\"Jan\",\"F\\u00e9v\",\"Mar\",\"Avr\",\"Mai\",\"Juin\",\"Juil\",\"Ao\\u00fb\",\"Sep\",\"Oct\",\"Nov\",\"D\\u00e9c\"],\"weekdays\":[\"Dimanche\",\"Lundi\",\"Mardi\",\"Mercredi\",\"Jeudi\",\"Vendredi\",\"Samedi\"],\"weekdaysShort\":[\"Dim\",\"Lun\",\"Mar\",\"Mer\",\"Jeu\",\"Ven\",\"Sam\"],\"weekdaysMin\":[\"Di\",\"Lu\",\"Ma\",\"Me\",\"Je\",\"Ve\",\"Sa\"],\"recaptchaConsentMissing\":\"reCaptcha validation couldn&#039;t load.\",\"recaptchaMissingCookie\":\"reCaptcha v3 validation couldn&#039;t load the cookie needed to submit the form.\",\"recaptchaConsentEvent\":\"Accept reCaptcha cookies before sending the form.\",\"currency_symbol\":\"\",\"beforeForm\":\"\",\"beforeFields\":\"\",\"afterFields\":\"\",\"afterForm\":\"\"};form.fields=[{\"objectType\":\"Field\",\"objectDomain\":\"fields\",\"editActive\":false,\"order\":0,\"idAttribute\":\"id\",\"type\":\"textbox\",\"label\":\"Full name\",\"input_limit_msg\":\"character(s) left\",\"label_pos\":\"above\",\"placeholder\":\"\",\"first_name\":\"\",\"last_name\":\"\",\"user_address_1\":\"\",\"user_address_2\":\"\",\"user_city\":\"\",\"user_zip\":\"\",\"user_phone\":\"\",\"user_email\":\"\",\"user_info_field_group\":1,\"disable_input\":0,\"mask\":\"\",\"input_limit\":\"\",\"input_limit_type\":\"char\",\"calc_auto_include\":0,\"datepicker\":0,\"user_state\":0,\"autocomplete_off\":0,\"num_sort\":0,\"admin_label\":\"\",\"user_info_field_group_name\":\"\",\"user_info_field_group_custom\":\"\",\"show_help\":0,\"help_text\":\"\",\"show_desc\":0,\"desc_pos\":\"none\",\"desc_text\":\"\",\"element_class\":\"\",\"required\":1,\"key\":\"textbox_6\",\"default\":\"\",\"container_class\":\"\",\"manual_key\":false,\"custom_mask\":\"\",\"custom_name_attribute\":\"\",\"personally_identifiable\":\"\",\"value\":\"\",\"id\":\"6_3\",\"beforeField\":\"\",\"afterField\":\"\",\"parentType\":\"textbox\",\"element_templates\":[\"textbox\",\"input\"],\"old_classname\":\"\",\"wrap_template\":\"wrap\"},{\"objectType\":\"Field\",\"objectDomain\":\"fields\",\"editActive\":false,\"order\":1,\"idAttribute\":\"id\",\"type\":\"textbox\",\"label\":\"Phone number\",\"input_limit_msg\":\"character(s) left\",\"label_pos\":\"above\",\"placeholder\":\"\",\"first_name\":\"\",\"last_name\":\"\",\"user_address_1\":\"\",\"user_address_2\":\"\",\"user_city\":\"\",\"user_zip\":\"\",\"user_phone\":\"\",\"user_email\":\"\",\"user_info_field_group\":1,\"disable_input\":0,\"mask\":\"\",\"input_limit\":\"\",\"input_limit_type\":\"char\",\"calc_auto_include\":0,\"datepicker\":0,\"user_state\":0,\"autocomplete_off\":0,\"num_sort\":0,\"admin_label\":\"\",\"user_info_field_group_name\":\"\",\"user_info_field_group_custom\":\"\",\"show_help\":0,\"help_text\":\"\",\"show_desc\":0,\"desc_pos\":\"none\",\"desc_text\":\"\",\"element_class\":\"\",\"required\":1,\"key\":\"textbox_7\",\"default\":\"\",\"container_class\":\"\",\"manual_key\":false,\"custom_mask\":\"\",\"custom_name_attribute\":\"\",\"personally_identifiable\":\"\",\"value\":\"\",\"id\":\"7_3\",\"beforeField\":\"\",\"afterField\":\"\",\"parentType\":\"textbox\",\"element_templates\":[\"textbox\",\"input\"],\"old_classname\":\"\",\"wrap_template\":\"wrap\"},{\"objectType\":\"Field\",\"objectDomain\":\"fields\",\"editActive\":false,\"order\":2,\"idAttribute\":\"id\",\"type\":\"email\",\"label\":\"Email address\",\"input_limit_msg\":\"character(s) left\",\"label_pos\":\"above\",\"placeholder\":\"\",\"first_name\":\"\",\"last_name\":\"\",\"user_address_1\":\"\",\"user_address_2\":\"\",\"user_city\":\"\",\"user_zip\":\"\",\"user_phone\":\"\",\"user_email\":\"\",\"user_info_field_group\":1,\"disable_input\":0,\"mask\":\"\",\"input_limit\":\"\",\"input_limit_type\":\"char\",\"calc_auto_include\":0,\"datepicker\":0,\"user_state\":0,\"autocomplete_off\":0,\"num_sort\":0,\"admin_label\":\"\",\"user_info_field_group_name\":\"\",\"user_info_field_group_custom\":\"\",\"show_help\":0,\"help_text\":\"\",\"show_desc\":0,\"desc_pos\":\"none\",\"desc_text\":\"\",\"element_class\":\"\",\"required\":1,\"key\":\"email_8\",\"default\":\"\",\"container_class\":\"\",\"custom_name_attribute\":\"email\",\"personally_identifiable\":1,\"value\":\"\",\"id\":\"8_3\",\"beforeField\":\"\",\"afterField\":\"\",\"parentType\":\"email\",\"element_templates\":[\"email\",\"input\"],\"old_classname\":\"\",\"wrap_template\":\"wrap\"},{\"objectType\":\"Field\",\"objectDomain\":\"fields\",\"editActive\":false,\"order\":3,\"idAttribute\":\"id\",\"type\":\"textarea\",\"label\":\"Message\",\"input_limit_msg\":\"character(s) left\",\"label_pos\":\"above\",\"default_value\":\"\",\"textarea_rte\":0,\"textarea_media\":0,\"disable_rte_mobile\":0,\"input_limit\":\"\",\"input_limit_type\":\"char\",\"calc_auto_include\":0,\"num_sort\":0,\"admin_label\":\"\",\"show_help\":0,\"help_text\":\"\",\"show_desc\":0,\"desc_pos\":\"none\",\"desc_text\":\"\",\"element_class\":\"\",\"required\":1,\"default\":\"\",\"key\":\"textarea_32\",\"placeholder\":\"\",\"container_class\":\"\",\"manual_key\":false,\"value\":\"\",\"id\":\"32_3\",\"beforeField\":\"\",\"afterField\":\"\",\"parentType\":\"textarea\",\"element_templates\":[\"textarea\",\"input\"],\"old_classname\":\"\",\"wrap_template\":\"wrap\"},{\"objectType\":\"Field\",\"objectDomain\":\"fields\",\"editActive\":false,\"order\":4,\"idAttribute\":\"id\",\"label\":\"\",\"key\":\"g_recaptcha_26\",\"type\":\"unknown\",\"message\":\"Field type &quot;g_recaptcha&quot; not found.\",\"id\":\"26_3\",\"beforeField\":\"\",\"afterField\":\"\",\"value\":\"\",\"label_pos\":\"above\",\"parentType\":\"unknown\",\"element_templates\":[\"null\",\"hidden\",\"input\"],\"old_classname\":\"\",\"wrap_template\":\"wrap-no-label\"},{\"objectType\":\"Field\",\"objectDomain\":\"fields\",\"editActive\":false,\"order\":5,\"idAttribute\":\"id\",\"type\":\"submit\",\"label\":\"Submit\",\"input_limit_msg\":\"character(s) left\",\"show_help\":0,\"help_text\":\"\",\"show_desc\":0,\"desc_pos\":\"none\",\"desc_text\":\"\",\"processing_label\":\"Processing\",\"element_class\":\"\",\"key\":\"submit_9\",\"container_class\":\"\",\"id\":\"9_3\",\"beforeField\":\"\",\"afterField\":\"\",\"value\":\"\",\"label_pos\":\"above\",\"parentType\":\"textbox\",\"element_templates\":[\"submit\",\"button\",\"input\"],\"old_classname\":\"\",\"wrap_template\":\"wrap-no-label\"}];nfForms.push(form);<\/script>\n        \n\t\t<\/div>\n\t\t\t\t\t<\/div>\n\n\t\n<\/div>","protected":false},"excerpt":{"rendered":"","protected":false},"author":1,"featured_media":0,"parent":0,"menu_order":0,"comment_status":"closed","ping_status":"closed","template":"page-right-sidebar.php","meta":{"footnotes":""},"class_list":["post-14","page","type-page","status-publish","hentry"],"aioseo_notices":[],"_links":{"self":[{"href":"https:\/\/www.transportmarfauniversal.com\/fr\/wp-json\/wp\/v2\/pages\/14","targetHints":{"allow":["GET"]}}],"collection":[{"href":"https:\/\/www.transportmarfauniversal.com\/fr\/wp-json\/wp\/v2\/pages"}],"about":[{"href":"https:\/\/www.transportmarfauniversal.com\/fr\/wp-json\/wp\/v2\/types\/page"}],"author":[{"embeddable":true,"href":"https:\/\/www.transportmarfauniversal.com\/fr\/wp-json\/wp\/v2\/users\/1"}],"replies":[{"embeddable":true,"href":"https:\/\/www.transportmarfauniversal.com\/fr\/wp-json\/wp\/v2\/comments?post=14"}],"version-history":[{"count":7,"href":"https:\/\/www.transportmarfauniversal.com\/fr\/wp-json\/wp\/v2\/pages\/14\/revisions"}],"predecessor-version":[{"id":1513,"href":"https:\/\/www.transportmarfauniversal.com\/fr\/wp-json\/wp\/v2\/pages\/14\/revisions\/1513"}],"wp:attachment":[{"href":"https:\/\/www.transportmarfauniversal.com\/fr\/wp-json\/wp\/v2\/media?parent=14"}],"curies":[{"name":"wp","href":"https:\/\/api.w.org\/{rel}","templated":true}]}}