{"id":32,"date":"2016-03-03T10:41:25","date_gmt":"2016-03-03T10:41:25","guid":{"rendered":"http:\/\/www.transportmarfauniversal.com\/new\/en\/?page_id=32"},"modified":"2016-03-30T09:52:57","modified_gmt":"2016-03-30T09:52:57","slug":"transport-aerian","status":"publish","type":"page","link":"https:\/\/www.transportmarfauniversal.com\/de\/servicii\/transport-aerian\/","title":{"rendered":"Lufttransport"},"content":{"rendered":"<div class=\"row\"  id=\"row-1180495095\">\n\n\t<div id=\"col-2133158266\" class=\"col medium-3\/4 large-9\"  >\n\t\t\t\t<div class=\"col-inner\"  >\n\t\t\t\n\t\t\t\n<p><strong>Lufttransport<\/strong><\/p>\n<p>Universal Spedition kann programmierte Fl\u00fcge und Flge im Regime \u201dCharter\u201d auf unterschiedlichen Fluglinien organisieren.<\/p>\n<p>Unsere Kapazit\u00e4ten und die Zusammenarbeit mit Partner aus der ganzen Welt stellen die Versicherung dar, dass Ihre Ladung unber\u00fchrt und zur gerechten Zeit am Bestimmungsort ankommen wird.<\/p>\n<p>Somit, da wir Beziehungen zu den gr\u00f6\u00dften Luftknotenpunkte haben, bieten wir die M\u00f6glichkeit des raschen Versands der Waren und das Erreichen des Bestimmungsorts in einer wirksamen Transitzeit.<\/p>\n<ul>\n<li>Cargo-Versicherungen<\/li>\n<li>T\u00fcr-T\u00fcr oder Flughafen \u2013 Flughafen-Lieferungen, in der ganzen Welt, mittels unserem Netz von Korrespondenten aus den Bestimmungsflugh\u00e4fen<\/li>\n<li>Warentransport vom und zum Flughafen<\/li>\n<li>Transport von gef\u00e4hrlichen und \u00fcbergr\u00f6\u00dfen Waren<\/li>\n<li>Multimodaler Warentransport<\/li>\n<li>Lufttransport von \u00fcberdimensionalen Waren<\/li>\n<\/ul>\n\t\t<\/div>\n\t\t\t\t\t<\/div>\n\n\t\n\n\t<div id=\"col-1680249945\" class=\"col medium-1\/4 large-3\"  >\n\t\t\t\t<div class=\"col-inner\"  >\n\t\t\t\n\t\t\t\n\n\t<div id=\"col-707950856\" class=\"col medium-1\/4 large-3\"  >\n\t\t\t\t<div class=\"col-inner\"  >\n\t\t\t\n\t\t\t\t\t<\/div>\n\t\t\t\t\t<\/div>\n\n\t\n\n\t\t<div class=\"icon-box featured-box icon-box-center text-center\"  >\n\t\t\t\t\t<div class=\"icon-box-img\" style=\"\">\n\t\t\t\t<div class=\"icon\">\n\t\t\t\t\t<div class=\"icon-inner\" >\n\t\t\t\t\t\t<img decoding=\"async\" src=\"https:\/\/www.transportmarfauniversal.com\/wp-content\/uploads\/2016\/03\/airplane.png\" alt=\"Lufttransport\"\/>\t\t\t\t\t<\/div>\n\t\t\t\t<\/div>\n\t\t\t<\/div>\n\t\t\t\t<div class=\"icon-box-text last-reset\">\n\t\t\t<h5 class=\"uppercase\">Lufttransport<\/h5>\t\t\t\t\t\t\nWir bieten Gruppenimportdienste aus Asien, durch unsere Partner an.<br \/>\n\t\t<\/div>\n\t<\/div>\n\t\n\t\n\t\t<\/div>\n\t\t\t\t\t<\/div>\n\n\t\n<\/div>","protected":false},"excerpt":{"rendered":"","protected":false},"author":1,"featured_media":0,"parent":16,"menu_order":0,"comment_status":"closed","ping_status":"closed","template":"","meta":{"footnotes":""},"class_list":["post-32","page","type-page","status-publish","hentry"],"aioseo_notices":[],"_links":{"self":[{"href":"https:\/\/www.transportmarfauniversal.com\/de\/wp-json\/wp\/v2\/pages\/32","targetHints":{"allow":["GET"]}}],"collection":[{"href":"https:\/\/www.transportmarfauniversal.com\/de\/wp-json\/wp\/v2\/pages"}],"about":[{"href":"https:\/\/www.transportmarfauniversal.com\/de\/wp-json\/wp\/v2\/types\/page"}],"author":[{"embeddable":true,"href":"https:\/\/www.transportmarfauniversal.com\/de\/wp-json\/wp\/v2\/users\/1"}],"replies":[{"embeddable":true,"href":"https:\/\/www.transportmarfauniversal.com\/de\/wp-json\/wp\/v2\/comments?post=32"}],"version-history":[{"count":7,"href":"https:\/\/www.transportmarfauniversal.com\/de\/wp-json\/wp\/v2\/pages\/32\/revisions"}],"predecessor-version":[{"id":233,"href":"https:\/\/www.transportmarfauniversal.com\/de\/wp-json\/wp\/v2\/pages\/32\/revisions\/233"}],"up":[{"embeddable":true,"href":"https:\/\/www.transportmarfauniversal.com\/de\/wp-json\/wp\/v2\/pages\/16"}],"wp:attachment":[{"href":"https:\/\/www.transportmarfauniversal.com\/de\/wp-json\/wp\/v2\/media?parent=32"}],"curies":[{"name":"wp","href":"https:\/\/api.w.org\/{rel}","templated":true}]}}